{"id":3908,"date":"2021-12-10T13:54:34","date_gmt":"2021-12-10T13:54:34","guid":{"rendered":"https:\/\/www.scoalagornesti.ro\/tanoran-kivuli\/"},"modified":"2021-12-17T10:28:29","modified_gmt":"2021-12-17T10:28:29","slug":"tanoran-kivuli","status":"publish","type":"page","link":"https:\/\/www.scoalagornesti.ro\/hu\/tanoran-kivuli\/","title":{"rendered":"Tan\u00f3r\u00e1n k\u00edv\u00fcli"},"content":{"rendered":"\t\t<div data-elementor-type=\"wp-page\" data-elementor-id=\"3908\" class=\"elementor elementor-3908 elementor-401\">\n\t\t\t\t\t\t\t\t\t<section class=\"elementor-section elementor-top-section elementor-element elementor-element-1930cad elementor-section-boxed elementor-section-height-default elementor-section-height-default\" data-id=\"1930cad\" data-element_type=\"section\" data-settings=\"{&quot;background_background&quot;:&quot;classic&quot;}\">\n\t\t\t\t\t\t\t<div class=\"elementor-background-overlay\"><\/div>\n\t\t\t\t\t\t\t<div class=\"elementor-container elementor-column-gap-wider\">\n\t\t\t\t\t<div class=\"elementor-column elementor-col-100 elementor-top-column elementor-element elementor-element-35499df\" data-id=\"35499df\" data-element_type=\"column\">\n\t\t\t<div class=\"elementor-widget-wrap elementor-element-populated\">\n\t\t\t\t\t\t\t\t<div class=\"elementor-element elementor-element-5f5afae elementor-widget-divider--view-line_text elementor-hidden-mobile elementor-widget-divider--element-align-center elementor-invisible elementor-widget elementor-widget-divider\" data-id=\"5f5afae\" data-element_type=\"widget\" data-settings=\"{&quot;_animation&quot;:&quot;fadeInLeft&quot;}\" data-widget_type=\"divider.default\">\n\t\t\t\t<div class=\"elementor-widget-container\">\n\t\t\t<style>\/*! elementor - v3.6.5 - 27-04-2022 *\/\n.elementor-widget-divider{--divider-border-style:none;--divider-border-width:1px;--divider-color:#2c2c2c;--divider-icon-size:20px;--divider-element-spacing:10px;--divider-pattern-height:24px;--divider-pattern-size:20px;--divider-pattern-url:none;--divider-pattern-repeat:repeat-x}.elementor-widget-divider .elementor-divider{display:-webkit-box;display:-ms-flexbox;display:flex}.elementor-widget-divider .elementor-divider__text{font-size:15px;line-height:1;max-width:95%}.elementor-widget-divider .elementor-divider__element{margin:0 var(--divider-element-spacing);-ms-flex-negative:0;flex-shrink:0}.elementor-widget-divider .elementor-icon{font-size:var(--divider-icon-size)}.elementor-widget-divider .elementor-divider-separator{display:-webkit-box;display:-ms-flexbox;display:flex;margin:0;direction:ltr}.elementor-widget-divider--view-line_icon .elementor-divider-separator,.elementor-widget-divider--view-line_text .elementor-divider-separator{-webkit-box-align:center;-ms-flex-align:center;align-items:center}.elementor-widget-divider--view-line_icon .elementor-divider-separator:after,.elementor-widget-divider--view-line_icon .elementor-divider-separator:before,.elementor-widget-divider--view-line_text .elementor-divider-separator:after,.elementor-widget-divider--view-line_text .elementor-divider-separator:before{display:block;content:\"\";border-bottom:0;-webkit-box-flex:1;-ms-flex-positive:1;flex-grow:1;border-top:var(--divider-border-width) var(--divider-border-style) var(--divider-color)}.elementor-widget-divider--element-align-left .elementor-divider .elementor-divider-separator>.elementor-divider__svg:first-of-type{-webkit-box-flex:0;-ms-flex-positive:0;flex-grow:0;-ms-flex-negative:100;flex-shrink:100}.elementor-widget-divider--element-align-left .elementor-divider-separator:before{content:none}.elementor-widget-divider--element-align-left .elementor-divider__element{margin-left:0}.elementor-widget-divider--element-align-right .elementor-divider .elementor-divider-separator>.elementor-divider__svg:last-of-type{-webkit-box-flex:0;-ms-flex-positive:0;flex-grow:0;-ms-flex-negative:100;flex-shrink:100}.elementor-widget-divider--element-align-right .elementor-divider-separator:after{content:none}.elementor-widget-divider--element-align-right .elementor-divider__element{margin-right:0}.elementor-widget-divider:not(.elementor-widget-divider--view-line_text):not(.elementor-widget-divider--view-line_icon) .elementor-divider-separator{border-top:var(--divider-border-width) var(--divider-border-style) var(--divider-color)}.elementor-widget-divider--separator-type-pattern{--divider-border-style:none}.elementor-widget-divider--separator-type-pattern.elementor-widget-divider--view-line .elementor-divider-separator,.elementor-widget-divider--separator-type-pattern:not(.elementor-widget-divider--view-line) .elementor-divider-separator:after,.elementor-widget-divider--separator-type-pattern:not(.elementor-widget-divider--view-line) .elementor-divider-separator:before,.elementor-widget-divider--separator-type-pattern:not([class*=elementor-widget-divider--view]) .elementor-divider-separator{width:100%;min-height:var(--divider-pattern-height);-webkit-mask-size:var(--divider-pattern-size) 100%;mask-size:var(--divider-pattern-size) 100%;-webkit-mask-repeat:var(--divider-pattern-repeat);mask-repeat:var(--divider-pattern-repeat);background-color:var(--divider-color);-webkit-mask-image:var(--divider-pattern-url);mask-image:var(--divider-pattern-url)}.elementor-widget-divider--no-spacing{--divider-pattern-size:auto}.elementor-widget-divider--bg-round{--divider-pattern-repeat:round}.rtl .elementor-widget-divider .elementor-divider__text{direction:rtl}<\/style>\t\t<div class=\"elementor-divider\">\n\t\t\t<span class=\"elementor-divider-separator\">\n\t\t\t\t\t\t\t<span class=\"elementor-divider__text elementor-divider__element\">\n\t\t\t\tTan\u00f3r\u00e1n k\u00edv\u00fcli\t\t\t\t<\/span>\n\t\t\t\t\t\t<\/span>\n\t\t<\/div>\n\t\t\t\t<\/div>\n\t\t\t\t<\/div>\n\t\t\t\t<div class=\"elementor-element elementor-element-4a02110 elementor-hidden-desktop elementor-hidden-tablet elementor-widget elementor-widget-heading\" data-id=\"4a02110\" data-element_type=\"widget\" data-widget_type=\"heading.default\">\n\t\t\t\t<div class=\"elementor-widget-container\">\n\t\t\t<style>\/*! elementor - v3.6.5 - 27-04-2022 *\/\n.elementor-heading-title{padding:0;margin:0;line-height:1}.elementor-widget-heading .elementor-heading-title[class*=elementor-size-]>a{color:inherit;font-size:inherit;line-height:inherit}.elementor-widget-heading .elementor-heading-title.elementor-size-small{font-size:15px}.elementor-widget-heading .elementor-heading-title.elementor-size-medium{font-size:19px}.elementor-widget-heading .elementor-heading-title.elementor-size-large{font-size:29px}.elementor-widget-heading .elementor-heading-title.elementor-size-xl{font-size:39px}.elementor-widget-heading .elementor-heading-title.elementor-size-xxl{font-size:59px}<\/style><h2 class=\"elementor-heading-title elementor-size-default\">Tan\u00f3r\u00e1n k\u00edv\u00fcli<\/h2>\t\t<\/div>\n\t\t\t\t<\/div>\n\t\t\t\t<div class=\"elementor-element elementor-element-a490c19 elementor-invisible elementor-widget elementor-widget-heading\" data-id=\"a490c19\" data-element_type=\"widget\" data-settings=\"{&quot;_animation&quot;:&quot;fadeInRight&quot;}\" data-widget_type=\"heading.default\">\n\t\t\t\t<div class=\"elementor-widget-container\">\n\t\t\t<h2 class=\"elementor-heading-title elementor-size-default\">A nem form\u00e1lis, tan\u00f3r\u00e1n k\u00edv\u00fcli oktat\u00e1s, sz\u00fcks\u00e9gszer\u0171s\u00e9g ebben a modern vil\u00e1gban, ebben a folyamatosan v\u00e1ltoz\u00f3 t\u00e1rsadalomban.<\/h2>\t\t<\/div>\n\t\t\t\t<\/div>\n\t\t\t\t\t<\/div>\n\t\t<\/div>\n\t\t\t\t\t\t\t<\/div>\n\t\t<\/section>\n\t\t\t\t<section class=\"elementor-section elementor-top-section elementor-element elementor-element-18835e05 elementor-section-content-top elementor-section-boxed elementor-section-height-default elementor-section-height-default\" data-id=\"18835e05\" data-element_type=\"section\" data-settings=\"{&quot;background_background&quot;:&quot;classic&quot;,&quot;shape_divider_top&quot;:&quot;opacity-tilt&quot;,&quot;shape_divider_bottom&quot;:&quot;opacity-tilt&quot;}\">\n\t\t\t\t\t\t\t<div class=\"elementor-background-overlay\"><\/div>\n\t\t\t\t\t\t<div class=\"elementor-shape elementor-shape-top\" data-negative=\"false\">\n\t\t\t<svg xmlns=\"http:\/\/www.w3.org\/2000\/svg\" viewBox=\"0 0 2600 131.1\" preserveAspectRatio=\"none\">\n\t<path class=\"elementor-shape-fill\" d=\"M0 0L2600 0 2600 69.1 0 0z\"\/>\n\t<path class=\"elementor-shape-fill\" style=\"opacity:0.5\" d=\"M0 0L2600 0 2600 69.1 0 69.1z\"\/>\n\t<path class=\"elementor-shape-fill\" style=\"opacity:0.25\" d=\"M2600 0L0 0 0 130.1 2600 69.1z\"\/>\n<\/svg>\t\t<\/div>\n\t\t\t\t<div class=\"elementor-shape elementor-shape-bottom\" data-negative=\"false\">\n\t\t\t<svg xmlns=\"http:\/\/www.w3.org\/2000\/svg\" viewBox=\"0 0 2600 131.1\" preserveAspectRatio=\"none\">\n\t<path class=\"elementor-shape-fill\" d=\"M0 0L2600 0 2600 69.1 0 0z\"\/>\n\t<path class=\"elementor-shape-fill\" style=\"opacity:0.5\" d=\"M0 0L2600 0 2600 69.1 0 69.1z\"\/>\n\t<path class=\"elementor-shape-fill\" style=\"opacity:0.25\" d=\"M2600 0L0 0 0 130.1 2600 69.1z\"\/>\n<\/svg>\t\t<\/div>\n\t\t\t\t\t<div class=\"elementor-container elementor-column-gap-wider\">\n\t\t\t\t\t<div class=\"elementor-column elementor-col-100 elementor-top-column elementor-element elementor-element-6f5510be\" data-id=\"6f5510be\" data-element_type=\"column\">\n\t\t\t<div class=\"elementor-widget-wrap elementor-element-populated\">\n\t\t\t\t\t\t\t\t<div class=\"elementor-element elementor-element-0cca3f4 uael-posts-thumbnail-ratio elementor-invisible elementor-widget elementor-widget-uael-posts\" data-id=\"0cca3f4\" data-element_type=\"widget\" data-settings=\"{&quot;_animation&quot;:&quot;fadeInUp&quot;,&quot;_animation_mobile&quot;:&quot;none&quot;,&quot;feed_slides_to_show_tablet&quot;:2,&quot;feed_slides_to_show_mobile&quot;:1}\" data-widget_type=\"uael-posts.feed\">\n\t\t\t\t<div class=\"elementor-widget-container\">\n\t\t\t\t\t<div class=\"uael-post__header\">\n\t\t\t\t\t<\/div>\n\t\t<div class=\"uael-post__body\">\n\t\t\t\n\t\t\n\t\t<div class=\"uael-post-grid uael-posts\" data-query-type=\"custom\" data-structure=\"\" data-layout=\"\" data-page=\"3908\" data-skin=\"feed\" data-filter-default=\"\" data-offset-top=\"30\" >\n\n\t\t\t\t\t\t\t<div class=\"uael-post-grid__inner uael-post__columns-1 uael-post__columns-tablet-1 uael-post__columns-mobile-1\">\n\t\t\t\n\n<div class=\"uael-post-wrapper  extrakurrikul\u00e1ris \">\n\n\t<div class=\"uael-post__bg-wrap\">\n\t\t\n\t\t\n\t\t<div class=\"uael-post__inner-wrap \">\n\n\t\t\t\t<div class=\"uael-post__thumbnail\">\n\t\t\t\n\t\t\t<a href=\"https:\/\/www.scoalagornesti.ro\/hu\/a-befogadas-bajnokai\/\" target=\"_self\" title=\"&#8220;A befogad\u00e1s bajnokai&#8221;\"><img width=\"1109\" height=\"776\" src=\"https:\/\/www.scoalagornesti.ro\/wp-content\/uploads\/2021\/12\/Campionii-Incluziunii-1.png\" class=\"attachment-full size-full\" alt=\"\" loading=\"lazy\" \/><\/a>\n\t\t\t\t\t<\/div>\n\t\t\n\t\t\t\n\t\t\t<div class=\"uael-post__content-wrap\">\n\n\t\t\t\t\t<h3 class=\"uael-post__title\">\n\n\t\t\n\t\t\t\t\t\t<a href=\"https:\/\/www.scoalagornesti.ro\/hu\/a-befogadas-bajnokai\/\" target=\"_self\">\n\t\t\t\t&#8220;A befogad\u00e1s bajnokai&#8221;\t\t\t<\/a>\n\n\t\t\t\t<\/h3>\n\t\t<div class=\"uael-post__separator\"><\/div>\n\t\t<div class=\"uael-post__excerpt\">\n\t\t\t<p>projekt az iskolai kapacit\u00e1s n\u00f6vel\u00e9s\u00e9re a roma gyermekek hat\u00e9kony integr\u00e1ci\u00f3j\u00e1nak biztos\u00edt\u00e1sa \u00e9rdek\u00e9ben Az \u00daj T\u00e1vlatok Alap\u00edtv\u00e1ny (Funda\u021bia Noi Orizonturi) 6 telep\u00fcl\u00e9s \u00e1ltal\u00e1nos iskol\u00e1j\u00e1val egy\u00fctt: Dumitru &#8230;<\/p>\n\t\t<\/div>\n\n\t\t\t\t\t<div class=\"uael-post__meta-data\">\n\t\t\t\t\t<span class=\"uael-post__date\">\n\t\t\t\t\t\t\t\t\t\t\t\t\t<i aria-hidden=\"true\" class=\"fa fa-calendar\"><\/i>\t\t\t\t\t\t\t\t\t\n\t\t\tdecember 30, 2021\t\t<\/span>\n\t\t\t\t<\/div>\n\t\t\t\t\t<\/div>\n\t\t\t\n\t\t<\/div>\n\t\t\n\t<\/div>\n\n<\/div>\n\n\n<div class=\"uael-post-wrapper  extrakurrikul\u00e1ris \">\n\n\t<div class=\"uael-post__bg-wrap\">\n\t\t\n\t\t\n\t\t<div class=\"uael-post__inner-wrap \">\n\n\t\t\t\t<div class=\"uael-post__thumbnail\">\n\t\t\t\n\t\t\t<a href=\"https:\/\/www.scoalagornesti.ro\/hu\/a-tanulok-javaslatai-es-kezdemenyezesei-a-kozuti-kozlekedesbiztonsag-erdekeben\/\" target=\"_self\" title=\"A tanul\u00f3k javaslatai \u00e9s kezdem\u00e9nyez\u00e9sei a k\u00f6z\u00fati k\u00f6zleked\u00e9sbiztons\u00e1g \u00e9rdek\u00e9ben\"><img width=\"960\" height=\"718\" src=\"https:\/\/www.scoalagornesti.ro\/wp-content\/uploads\/2020\/05\/94120849_292861798392310_3326289292707233792_n.jpg\" class=\"attachment-full size-full\" alt=\"\" loading=\"lazy\" \/><\/a>\n\t\t\t\t\t<\/div>\n\t\t\n\t\t\t\n\t\t\t<div class=\"uael-post__content-wrap\">\n\n\t\t\t\t\t<h3 class=\"uael-post__title\">\n\n\t\t\n\t\t\t\t\t\t<a href=\"https:\/\/www.scoalagornesti.ro\/hu\/a-tanulok-javaslatai-es-kezdemenyezesei-a-kozuti-kozlekedesbiztonsag-erdekeben\/\" target=\"_self\">\n\t\t\t\tA tanul\u00f3k javaslatai \u00e9s kezdem\u00e9nyez\u00e9sei a k\u00f6z\u00fati k\u00f6zleked\u00e9sbiztons\u00e1g \u00e9rdek\u00e9ben\t\t\t<\/a>\n\n\t\t\t\t<\/h3>\n\t\t<div class=\"uael-post__separator\"><\/div>\n\t\t<div class=\"uael-post__excerpt\">\n\t\t\t<p>Tekintettel a j\u00e1rm\u0171park exponenci\u00e1lis n\u00f6veked\u00e9s\u00e9re a k\u00f6z\u00fati infrastrukt\u00fara lass\u00fa fejl\u0151d\u00e9s\u00e9hez k\u00e9pest, a di\u00e1kok meg\u00e1llap\u00edtott\u00e1k, hogy riaszt\u00f3an n\u0151 a s\u00falyos k\u00f6vetkezm\u00e9nyekkel j\u00e1r\u00f3 k\u00f6z\u00fati balesetek sz\u00e1ma a &#8230;<\/p>\n\t\t<\/div>\n\n\t\t\t\t\t<div class=\"uael-post__meta-data\">\n\t\t\t\t\t<span class=\"uael-post__date\">\n\t\t\t\t\t\t\t\t\t\t\t\t\t<i aria-hidden=\"true\" class=\"fa fa-calendar\"><\/i>\t\t\t\t\t\t\t\t\t\n\t\t\t\u00e1prilis 24, 2020\t\t<\/span>\n\t\t\t\t<\/div>\n\t\t\t\t\t<\/div>\n\t\t\t\n\t\t<\/div>\n\t\t\n\t<\/div>\n\n<\/div>\n\n\n<div class=\"uael-post-wrapper  extrakurrikul\u00e1ris \">\n\n\t<div class=\"uael-post__bg-wrap\">\n\t\t\n\t\t\n\t\t<div class=\"uael-post__inner-wrap \">\n\n\t\t\t\t<div class=\"uael-post__thumbnail\">\n\t\t\t\n\t\t\t<a href=\"https:\/\/www.scoalagornesti.ro\/hu\/nepszerusito-tevekenysegek-a-your-ideas-your-initiatives-2020-projekt-kereteben\/\" target=\"_self\" title=\"N\u00e9pszer\u0171s\u00edt\u0151 tev\u00e9kenys\u00e9gek a \u201eYour ideas, your initiatives\u201d 2020 projekt keret\u00e9ben\"><img width=\"1920\" height=\"969\" src=\"https:\/\/www.scoalagornesti.ro\/wp-content\/uploads\/2020\/05\/94357390_2872788496146527_276006667299061760_n.jpg\" class=\"attachment-full size-full\" alt=\"\" loading=\"lazy\" \/><\/a>\n\t\t\t\t\t<\/div>\n\t\t\n\t\t\t\n\t\t\t<div class=\"uael-post__content-wrap\">\n\n\t\t\t\t\t<h3 class=\"uael-post__title\">\n\n\t\t\n\t\t\t\t\t\t<a href=\"https:\/\/www.scoalagornesti.ro\/hu\/nepszerusito-tevekenysegek-a-your-ideas-your-initiatives-2020-projekt-kereteben\/\" target=\"_self\">\n\t\t\t\tN\u00e9pszer\u0171s\u00edt\u0151 tev\u00e9kenys\u00e9gek a \u201eYour ideas, your initiatives\u201d 2020 projekt keret\u00e9ben\t\t\t<\/a>\n\n\t\t\t\t<\/h3>\n\t\t<div class=\"uael-post__separator\"><\/div>\n\t\t<div class=\"uael-post__excerpt\">\n\t\t\t<p>A biztons\u00e1gos k\u00f6zleked\u00e9s fontoss\u00e1g\u00e1nak tudat\u00e1ban a Teleki Domokos \u00c1ltal\u00e1nos Iskola di\u00e1kjai hirdet\u00e9sek, plak\u00e1tok k\u00e9sz\u00edt\u00e9s\u00e9vel \u00e9s egy \u00f6tlet-gy\u0171jt\u0151 urna fel\u00e1ll\u00edt\u00e1s\u00e1val fogtak hozz\u00e1 a projekt n\u00e9pszer\u0171s\u00edt\u00e9s\u00e9hez. Ez &#8230;<\/p>\n\t\t<\/div>\n\n\t\t\t\t\t<div class=\"uael-post__meta-data\">\n\t\t\t\t\t<span class=\"uael-post__date\">\n\t\t\t\t\t\t\t\t\t\t\t\t\t<i aria-hidden=\"true\" class=\"fa fa-calendar\"><\/i>\t\t\t\t\t\t\t\t\t\n\t\t\t\u00e1prilis 20, 2020\t\t<\/span>\n\t\t\t\t<\/div>\n\t\t\t\t\t<\/div>\n\t\t\t\n\t\t<\/div>\n\t\t\n\t<\/div>\n\n<\/div>\n\n\n<div class=\"uael-post-wrapper  extrakurrikul\u00e1ris \">\n\n\t<div class=\"uael-post__bg-wrap\">\n\t\t\n\t\t\n\t\t<div class=\"uael-post__inner-wrap \">\n\n\t\t\t\t<div class=\"uael-post__thumbnail\">\n\t\t\t\n\t\t\t<a href=\"https:\/\/www.scoalagornesti.ro\/hu\/biztonsag-az-iskolaba-menet\/\" target=\"_self\" title=\"Biztons\u00e1g az iskol\u00e1ba menet!\"><img width=\"724\" height=\"253\" src=\"https:\/\/www.scoalagornesti.ro\/wp-content\/uploads\/2021\/10\/4-chestionar-724x1024c.jpg\" class=\"attachment-full size-full\" alt=\"\" loading=\"lazy\" \/><\/a>\n\t\t\t\t\t<\/div>\n\t\t\n\t\t\t\n\t\t\t<div class=\"uael-post__content-wrap\">\n\n\t\t\t\t\t<h3 class=\"uael-post__title\">\n\n\t\t\n\t\t\t\t\t\t<a href=\"https:\/\/www.scoalagornesti.ro\/hu\/biztonsag-az-iskolaba-menet\/\" target=\"_self\">\n\t\t\t\tBiztons\u00e1g az iskol\u00e1ba menet!\t\t\t<\/a>\n\n\t\t\t\t<\/h3>\n\t\t<div class=\"uael-post__separator\"><\/div>\n\t\t<div class=\"uael-post__excerpt\">\n\t\t\t<p>Nap mint nap el kell jutnod otthonr\u00f3l az iskol\u00e1ba. B\u00e1rhogyan is teszed meg ezt az utat,ak\u00e1r aut\u00f3val hoznak,ak\u00e1r gyalog j\u00f6ssz,vagy esetleg biciklivel,&nbsp; fontos, hogy ismerd &#8230;<\/p>\n\t\t<\/div>\n\n\t\t\t\t\t<div class=\"uael-post__meta-data\">\n\t\t\t\t\t<span class=\"uael-post__date\">\n\t\t\t\t\t\t\t\t\t\t\t\t\t<i aria-hidden=\"true\" class=\"fa fa-calendar\"><\/i>\t\t\t\t\t\t\t\t\t\n\t\t\tm\u00e1rcius 24, 2020\t\t<\/span>\n\t\t\t\t<\/div>\n\t\t\t\t\t<\/div>\n\t\t\t\n\t\t<\/div>\n\t\t\n\t<\/div>\n\n<\/div>\n\t\t\t\t<\/div>\n\t\t\t\t\t\t\n\t\t<\/div>\n\n\t\t\t\t\t\t<\/div>\n\t\t<div class=\"uael-post__footer\">\n\t\t\t\t\t\t<nav class=\"uael-grid-pagination\"  role=\"navigation\" aria-label=\"Pagination\" data-total=\"4\" data-next-page=\"2\">\n\t\t\t\t<span class=\"page-numbers current\">1<\/span>\n<a class=\"page-numbers\" href=\"https:\/\/www.scoalagornesti.ro\/hu\/wp-json\/wp\/v2\/pages\/3908\/page\/2\/\">2<\/a>\n<a class=\"page-numbers\" href=\"https:\/\/www.scoalagornesti.ro\/hu\/wp-json\/wp\/v2\/pages\/3908\/page\/3\/\">3<\/a>\n<a class=\"page-numbers\" href=\"https:\/\/www.scoalagornesti.ro\/hu\/wp-json\/wp\/v2\/pages\/3908\/page\/4\/\">4<\/a>\n<a class=\"next page-numbers\" href=\"https:\/\/www.scoalagornesti.ro\/hu\/wp-json\/wp\/v2\/pages\/3908\/page\/2\/\">K\u00f6vetkez\u0151 &raquo;<\/a>\n\t\t\t<\/nav>\n\n\t\t\t\t\t<\/div>\n\t\t\t\t<\/div>\n\t\t\t\t<\/div>\n\t\t\t\t\t<\/div>\n\t\t<\/div>\n\t\t\t\t\t\t\t<\/div>\n\t\t<\/section>\n\t\t\t\t\t\t\t<\/div>\n\t\t","protected":false},"excerpt":{"rendered":"<p>Tan\u00f3r\u00e1n k\u00edv\u00fcli Tan\u00f3r\u00e1n k\u00edv\u00fcli A nem form\u00e1lis, tan\u00f3r\u00e1n k\u00edv\u00fcli oktat\u00e1s, sz\u00fcks\u00e9gszer\u0171s\u00e9g ebben a modern vil\u00e1gban, ebben a folyamatosan v\u00e1ltoz\u00f3 t\u00e1rsadalomban. Propunerile \u0219i ini\u021biativele elevilor pentru suguran\u021ba rutier\u0103 Av\u00e2nd \u00een vedere cre\u0219terea exponen\u021bial\u0103 a parcului de autovehicule raportat la o dezvoltare anevoioas\u0103 a infrastructurii rutiere, elevii au constatat c\u0103 pe drumurile nationale din &#8230; aprilie 24, &hellip;<\/p>\n<p class=\"read-more\"> <a class=\"\" href=\"https:\/\/www.scoalagornesti.ro\/hu\/biztonsag-az-iskolaba-menet\/\"> <span class=\"screen-reader-text\">Biztons\u00e1g az iskol\u00e1ba menet!<\/span> Olvass tov\u00e1bb \u00bb<\/a><\/p>\n","protected":false},"author":6,"featured_media":0,"parent":0,"menu_order":0,"comment_status":"closed","ping_status":"closed","template":"","meta":{"site-sidebar-layout":"default","site-content-layout":"page-builder","ast-main-header-display":"","ast-hfb-above-header-display":"","ast-hfb-below-header-display":"","ast-hfb-mobile-header-display":"","site-post-title":"disabled","ast-breadcrumbs-content":"","ast-featured-img":"","footer-sml-layout":"","theme-transparent-header-meta":"default","adv-header-id-meta":"","stick-header-meta":"default","header-above-stick-meta":"","header-main-stick-meta":"","header-below-stick-meta":""},"_links":{"self":[{"href":"https:\/\/www.scoalagornesti.ro\/hu\/wp-json\/wp\/v2\/pages\/3908"}],"collection":[{"href":"https:\/\/www.scoalagornesti.ro\/hu\/wp-json\/wp\/v2\/pages"}],"about":[{"href":"https:\/\/www.scoalagornesti.ro\/hu\/wp-json\/wp\/v2\/types\/page"}],"author":[{"embeddable":true,"href":"https:\/\/www.scoalagornesti.ro\/hu\/wp-json\/wp\/v2\/users\/6"}],"replies":[{"embeddable":true,"href":"https:\/\/www.scoalagornesti.ro\/hu\/wp-json\/wp\/v2\/comments?post=3908"}],"version-history":[{"count":8,"href":"https:\/\/www.scoalagornesti.ro\/hu\/wp-json\/wp\/v2\/pages\/3908\/revisions"}],"predecessor-version":[{"id":5836,"href":"https:\/\/www.scoalagornesti.ro\/hu\/wp-json\/wp\/v2\/pages\/3908\/revisions\/5836"}],"wp:attachment":[{"href":"https:\/\/www.scoalagornesti.ro\/hu\/wp-json\/wp\/v2\/media?parent=3908"}],"curies":[{"name":"wp","href":"https:\/\/api.w.org\/{rel}","templated":true}]}}